{"id":166,"date":"2023-09-26T18:24:30","date_gmt":"2023-09-26T16:24:30","guid":{"rendered":"https:\/\/domovoidecoration.fr\/?page_id=166"},"modified":"2023-09-26T18:24:31","modified_gmt":"2023-09-26T16:24:31","slug":"mentions-legales","status":"publish","type":"page","link":"https:\/\/domovoidecoration.fr\/?page_id=166","title":{"rendered":"Mentions l\u00e9gales"},"content":{"rendered":"\n\n[et_pb_section fb_built=\u00a0\u00bb1&Prime; _builder_version=\u00a0\u00bb4.21.0&Prime; _module_preset=\u00a0\u00bbdefault\u00a0\u00bb background_enable_color=\u00a0\u00bboff\u00a0\u00bb custom_padding=\u00a0\u00bb||3px|||\u00a0\u00bb global_module=\u00a0\u00bb156&Prime; global_colors_info=\u00a0\u00bb{}\u00a0\u00bb theme_builder_area=\u00a0\u00bbpost_content\u00a0\u00bb][et_pb_row _builder_version=\u00a0\u00bb4.21.0&Prime; _module_preset=\u00a0\u00bbdefault\u00a0\u00bb global_colors_info=\u00a0\u00bb{}\u00a0\u00bb theme_builder_area=\u00a0\u00bbpost_content\u00a0\u00bb][et_pb_column type=\u00a0\u00bb4_4&Prime; _builder_version=\u00a0\u00bb4.21.0&Prime; _module_preset=\u00a0\u00bbdefault\u00a0\u00bb global_colors_info=\u00a0\u00bb{}\u00a0\u00bb theme_builder_area=\u00a0\u00bbpost_content\u00a0\u00bb][et_pb_menu menu_id=\u00a0\u00bbnone\u00a0\u00bb menu_style=\u00a0\u00bbinline_centered_logo\u00a0\u00bb submenu_direction=\u00a0\u00bbdownwards\u00a0\u00bb logo=\u00a0\u00bbhttp:\/\/domovoidecoration.fr\/wp-content\/uploads\/2023\/07\/Domovoi_SYMBOLE-\u2022-NOIR.png\u00a0\u00bb logo_width=\u00a0\u00bb11%\u00a0\u00bb _builder_version=\u00a0\u00bb4.21.0&Prime; _module_preset=\u00a0\u00bbdefault\u00a0\u00bb menu_font=\u00a0\u00bb|700|||||||\u00a0\u00bb background_enable_color=\u00a0\u00bboff\u00a0\u00bb custom_margin=\u00a0\u00bb-60px||-24px||false|false\u00a0\u00bb custom_padding=\u00a0\u00bb0px||||false|false\u00a0\u00bb global_colors_info=\u00a0\u00bb{}\u00a0\u00bb theme_builder_area=\u00a0\u00bbpost_content\u00a0\u00bb][\/et_pb_menu][\/et_pb_column][\/et_pb_row][\/et_pb_section][et_pb_section fb_built=\u00a0\u00bb1&Prime; _builder_version=\u00a0\u00bb4.21.0&Prime; _module_preset=\u00a0\u00bbdefault\u00a0\u00bb global_colors_info=\u00a0\u00bb{}\u00a0\u00bb theme_builder_area=\u00a0\u00bbpost_content\u00a0\u00bb][et_pb_row _builder_version=\u00a0\u00bb4.21.0&Prime; _module_preset=\u00a0\u00bbdefault\u00a0\u00bb global_colors_info=\u00a0\u00bb{}\u00a0\u00bb theme_builder_area=\u00a0\u00bbpost_content\u00a0\u00bb][et_pb_column type=\u00a0\u00bb4_4&Prime; _builder_version=\u00a0\u00bb4.21.0&Prime; _module_preset=\u00a0\u00bbdefault\u00a0\u00bb global_colors_info=\u00a0\u00bb{}\u00a0\u00bb theme_builder_area=\u00a0\u00bbpost_content\u00a0\u00bb][et_pb_text _builder_version=\u00a0\u00bb4.21.0&Prime; _module_preset=\u00a0\u00bbdefault\u00a0\u00bb global_colors_info=\u00a0\u00bb{}\u00a0\u00bb theme_builder_area=\u00a0\u00bbpost_content\u00a0\u00bb]<h1 class=\"p2\" style=\"text-align: center;\"><b><\/b><\/h1>\n<h1 class=\"p2\" style=\"text-align: center;\"><b>MENTIONS L\u00c9GALES<\/b><\/h1>\n<p><b><\/b><\/p>\n<p>&nbsp;<\/p>\n<p><strong>Informations g\u00e9n\u00e9rales<\/strong><\/p>\n<p>&nbsp;<\/p>\n<p>Domovo\u00ef<\/p>\n<p>Web\u00a0:\u00a0\u00a0 <span><a href=\"http:\/\/www.domovoidecoration.fr\">www.domovoidecoration.fr<\/a><\/span><\/p>\n<p>Email\u00a0:\u00a0 <span>bienvenue@domovoidecoration.fr<\/span><\/p>\n<p>Si\u00e8ge social\u00a0: 14, la Chaponni\u00e8re 45210 La Selle-sur-le-Bied<\/p>\n<p>&nbsp;<\/p>\n<p>Repr\u00e9sent\u00e9e par Caroline Rigas<\/p>\n<p>T\u00e9l\u00a0:\u00a0\u00a0\u00a0\u00a0\u00a0 06 60 88 99 05<\/p>\n<p>Email\u00a0:\u00a0 <span><a href=\"mailto:caroline@domovoidecoration.fr\">caroline@domovoidecoration.fr<\/a><\/span><\/p>\n<p>&nbsp;<\/p>\n<p>SIRET\u00a0:\u00a0 503\u00a0792\u00a0525 00027<\/p>\n<p>APE\u00a0:\u00a0\u00a0\u00a0 7410Z Activit\u00e9s sp\u00e9cialis\u00e9es de design<\/p>\n<p>TVA\u00a0:\u00a0\u00a0\u00a0 Non assujetti \u00e0 la TVA<\/p>\n<p>Domovo\u00ef a souscrit \u00e0\u00a0une assurance responsabilit\u00e9 civile professionnelle\u00a0aupr\u00e8s de la MAAF. Cette police d\u2019assurance peut \u00eatre fournie sur simple demande.<\/p>\n<p>&nbsp;<\/p>\n<p>L\u2019\u00e9diteur du site est www.ambrebenyahia.com<\/p>\n<p>Notre site est h\u00e9berg\u00e9 chez www.hostinger.fr<\/p>\n<p>&nbsp;<\/p>\n<p>Donn\u00e9es personnelles<\/p>\n<p>Les informations recueillies font l&rsquo;objet d&rsquo;un traitement informatique destin\u00e9 \u00e0 la gestion de votre commande et \u00e0 nos relations commerciales, \u00e0 \u00eatre conserv\u00e9es \u00e0 des fins de s\u00e9curit\u00e9 et pour nous permettre d&rsquo;am\u00e9liorer et personnaliser les services que nous vous proposons et les informations que nous vous adressons. Ces informations, une fois enregistr\u00e9es, vous permettent d&rsquo;effectuer plus rapidement vos transactions futures suite \u00e0 la cr\u00e9ation de votre compte.<\/p>\n<p>Les destinataires des donn\u00e9es sont : Domovo\u00ef, dont le si\u00e8ge se situe au 14 la Chaponni\u00e8re 45210 La Selle-sur-le-Bied, t\u00e9l\u00e9phone : 06 60 88 99 05, propri\u00e9taire du site\u00a0<a href=\"http:\/\/www.domovoidecoration.fr\">www.domovoidecoration.fr<\/a>.<\/p>\n<p>Domovo\u00ef est seule d\u00e9tentrice des informations vous concernant.<\/p>\n<p>Conform\u00e9ment \u00e0 la loi \u00ab informatique et libert\u00e9s \u00bb du 6 janvier 1978 modifi\u00e9e en 2004, vous b\u00e9n\u00e9ficiez d&rsquo;un droit d&rsquo;acc\u00e8s et de rectification aux informations qui vous concernent, que vous pouvez exercer en vous adressant \u00e0 Domovo\u00ef, 14 la Chaponni\u00e8re 45210 La Selle-sur-le-Bied ou par courriel \u00e0 l&rsquo;adresse suivante :\u00a0<span><a href=\"mailto:bienvenue@domovoidecoration.fr\">bienvenue@domovoidecoration.fr<\/a> <\/span>\u00a0en nous indiquant vos nom, pr\u00e9nom, adresse et votre r\u00e9f\u00e9rence client.<\/p>\n<p>Votre courrier doit \u00eatre sign\u00e9 et accompagn\u00e9 de la photocopie d&rsquo;un titre d&rsquo;identit\u00e9 portant votre signature et pr\u00e9ciser l&rsquo;adresse \u00e0 laquelle doit vous parvenir la r\u00e9ponse. Une r\u00e9ponse vous sera alors adress\u00e9e dans un d\u00e9lai de 2 mois suivant la r\u00e9ception de la demande. Vous pouvez \u00e9galement, pour des motifs l\u00e9gitimes, vous opposer au traitement des donn\u00e9es vous concernant.<\/p>\n<p>&nbsp;<\/p>\n<h2>Droit d&rsquo;auteur &amp; Copyright &#8211; propri\u00e9t\u00e9 intellectuelle<\/h2>\n<p>Copyright des photographies disponibles sur le pr\u00e9sent site : Domovo\u00ef. Conform\u00e9ment \u00e0 la loi de droit d&rsquo;auteur et du copyright, l&rsquo;utilisation frauduleuse d&rsquo;une \u0153uvre photo sans accord est passible de poursuite en justice.<\/p>\n<p>Le site dans son ensemble, ainsi que les \u00e9l\u00e9ments qui le composent (notamment textes, arborescence, logiciels, animations, photographies, illustrations, sch\u00e9mas, repr\u00e9sentations graphiques, logos, etc.) constituent des \u0153uvres de l&rsquo;esprit prot\u00e9g\u00e9es par les articles L.111-1 et suivants du Code de la propri\u00e9t\u00e9 intellectuelle. Sauf mention contraire, le site ainsi que les \u00e9l\u00e9ments qui le composent sont la propri\u00e9t\u00e9 exclusive de\u00a0Domovo\u00ef seule habilit\u00e9e \u00e0 utiliser les droits de propri\u00e9t\u00e9 intellectuelle et droits de la personnalit\u00e9 y aff\u00e9rant.<\/p>\n<p>L&rsquo;usage de tout ou partie du site, notamment par t\u00e9l\u00e9chargement, reproduction, transmission, repr\u00e9sentation ou diffusion \u00e0 d&rsquo;autres fins que pour l&rsquo;usage personnel et priv\u00e9 dans un but non commercial de l&rsquo;internaute est strictement interdit. La violation de ces dispositions soumet son auteur aux sanctions pr\u00e9vues tant par le Code de la propri\u00e9t\u00e9 intellectuelle au titre notamment de la contrefa\u00e7on de droits d&rsquo;auteur (article L.335-3), de droit des marques (article L.716-9), que par le Code civil en mati\u00e8re de responsabilit\u00e9 civile (article 9, articles 1382 et suivants).<\/p>\n<p>&nbsp;<\/p>\n<h2>Responsabilit\u00e9s &#8211; Liens hypertextes<\/h2>\n<p>Domovo\u00ef s&rsquo;efforce d&rsquo;assurer au mieux de ses possibilit\u00e9s l&rsquo;exactitude et la mise \u00e0 jour des informations diffus\u00e9es sur le site, dont il se r\u00e9serve le droit de corriger, \u00e0 tout moment et sans pr\u00e9avis, le contenu. Toutefois,\u00a0Domovo\u00ef ne saurait garantir l&rsquo;exactitude, la pr\u00e9cision et l&rsquo;exhaustivit\u00e9 des informations mises \u00e0 disposition sur le site, lesquelles informations ne constituent ni une garantie ni un engagement \u00e0 l&rsquo;\u00e9gard de l&rsquo;internaute.<\/p>\n<p>Le directeur de la publication peut mettre en place des liens vers d&rsquo;autres sites Internet ou d&rsquo;autres sources Internet. Toutefois, celui-ci n&rsquo;\u00e9tant pas l&rsquo;\u00e9diteur de ces sites, il ne peut en contr\u00f4ler le contenu. De ce fait, le directeur de la publication ne pourra pas \u00eatre tenu pour responsable du contenu des sites, des \u00e9ventuelles collectes ou transmission de donn\u00e9es effectu\u00e9es par ces sites et ainsi accessibles ou tout autre proc\u00e9d\u00e9 tendant aux m\u00eames fins.<\/p>\n<p>Les utilisateurs et visiteurs du site ne peuvent pas mettre en place un lien hypertexte en direction du site sans l&rsquo;autorisation pr\u00e9alable \u00e9crite du directeur de la publication. Toute demande tendant \u00e0 cette fin doit \u00eatre adress\u00e9e \u00e0\u00a0<a href=\"mailto:bienvenue@domovoidecoration.fr\">bienvenue@domovoidecoration.fr<\/a><\/p>[\/et_pb_text][\/et_pb_column][\/et_pb_row][\/et_pb_section][et_pb_section fb_built=\u00a0\u00bb1&Prime; admin_label=\u00a0\u00bbFooter Section\u00a0\u00bb _builder_version=\u00a0\u00bb4.21.0&Prime; _module_preset=\u00a0\u00bbdefault\u00a0\u00bb background_color=\u00a0\u00bb#FAF5F2&Prime; use_background_color_gradient=\u00a0\u00bbon\u00a0\u00bb background_color_gradient_stops=\u00a0\u00bb#ffffff 0%|#faf5f2 27%\u00a0\u00bb custom_padding=\u00a0\u00bb50px|0px|3px|0px||\u00a0\u00bb global_module=\u00a0\u00bb157&Prime; saved_tabs=\u00a0\u00bball\u00a0\u00bb global_colors_info=\u00a0\u00bb{}\u00a0\u00bb theme_builder_area=\u00a0\u00bbpost_content\u00a0\u00bb][et_pb_row column_structure=\u00a0\u00bb1_2,1_2&Prime; admin_label=\u00a0\u00bbFooter Row\u00a0\u00bb _builder_version=\u00a0\u00bb4.16&Prime; _module_preset=\u00a0\u00bbdefault\u00a0\u00bb custom_padding=\u00a0\u00bb1px|||||\u00a0\u00bb global_colors_info=\u00a0\u00bb{}\u00a0\u00bb theme_builder_area=\u00a0\u00bbpost_content\u00a0\u00bb][et_pb_column type=\u00a0\u00bb1_2&Prime; _builder_version=\u00a0\u00bb4.16&Prime; _module_preset=\u00a0\u00bbdefault\u00a0\u00bb custom_padding=\u00a0\u00bb|||\u00a0\u00bb global_colors_info=\u00a0\u00bb{}\u00a0\u00bb custom_padding__hover=\u00a0\u00bb|||\u00a0\u00bb theme_builder_area=\u00a0\u00bbpost_content\u00a0\u00bb][et_pb_image src=\u00a0\u00bbhttp:\/\/domovoidecoration.fr\/wp-content\/uploads\/2023\/07\/Domovoi_SYMBOLE-\u2022-NOIR.png\u00a0\u00bb title_text=\u00a0\u00bbDomovoi_SYMBOLE \u2022 NOIR\u00a0\u00bb align_tablet=\u00a0\u00bbcenter\u00a0\u00bb align_phone=\u00a0\u00bbcenter\u00a0\u00bb align_last_edited=\u00a0\u00bbon|desktop\u00a0\u00bb admin_label=\u00a0\u00bblogo\u00a0\u00bb _builder_version=\u00a0\u00bb4.21.0&Prime; _module_preset=\u00a0\u00bbdefault\u00a0\u00bb max_width=\u00a0\u00bb50%\u00a0\u00bb animation_style=\u00a0\u00bbslide\u00a0\u00bb animation_direction=\u00a0\u00bbleft\u00a0\u00bb global_colors_info=\u00a0\u00bb{}\u00a0\u00bb theme_builder_area=\u00a0\u00bbpost_content\u00a0\u00bb][\/et_pb_image][\/et_pb_column][et_pb_column type=\u00a0\u00bb1_2&Prime; _builder_version=\u00a0\u00bb4.16&Prime; _module_preset=\u00a0\u00bbdefault\u00a0\u00bb custom_padding=\u00a0\u00bb|||\u00a0\u00bb global_colors_info=\u00a0\u00bb{}\u00a0\u00bb custom_padding__hover=\u00a0\u00bb|||\u00a0\u00bb theme_builder_area=\u00a0\u00bbpost_content\u00a0\u00bb][et_pb_cta title=\u00a0\u00bbLaissez-nous un avis\u00a0\u00bb button_text=\u00a0\u00bbClics\u00a0\u00bb _builder_version=\u00a0\u00bb4.21.0&Prime; _module_preset=\u00a0\u00bbdefault\u00a0\u00bb background_color=\u00a0\u00bbRGBA(255,255,255,0)\u00a0\u00bb global_colors_info=\u00a0\u00bb{}\u00a0\u00bb theme_builder_area=\u00a0\u00bbpost_content\u00a0\u00bb]<p>Your content goes here. Edit or remove this text inline or in the module Content settings. You can also style every aspect of this content in the module Design settings and even apply custom CSS to this text in the module Advanced settings.<\/p>[\/et_pb_cta][\/et_pb_column][\/et_pb_row][et_pb_row _builder_version=\u00a0\u00bb4.17.4&Prime; _module_preset=\u00a0\u00bbdefault\u00a0\u00bb custom_margin=\u00a0\u00bb-24px|auto||auto||\u00a0\u00bb global_colors_info=\u00a0\u00bb{}\u00a0\u00bb theme_builder_area=\u00a0\u00bbpost_content\u00a0\u00bb][et_pb_column type=\u00a0\u00bb4_4&Prime; _builder_version=\u00a0\u00bb4.17.4&Prime; _module_preset=\u00a0\u00bbdefault\u00a0\u00bb global_colors_info=\u00a0\u00bb{}\u00a0\u00bb theme_builder_area=\u00a0\u00bbpost_content\u00a0\u00bb][et_pb_text _builder_version=\u00a0\u00bb4.21.0&Prime; _module_preset=\u00a0\u00bbdefault\u00a0\u00bb text_text_color=\u00a0\u00bb#1B3628&Prime; text_font_size=\u00a0\u00bb12px\u00a0\u00bb global_colors_info=\u00a0\u00bb{}\u00a0\u00bb theme_builder_area=\u00a0\u00bbpost_content\u00a0\u00bb]<p style=\"text-align: center;\"><span>Copyright 2023 | Cr\u00e9ation originale de <a href=\"http:\/\/www.ambrebenyahia.com\">Ambre Benyahia<\/a> | CGV | Mentions L\u00e9gales<\/span><\/p>[\/et_pb_text][\/et_pb_column][\/et_pb_row][\/et_pb_section]\n\n","protected":false},"excerpt":{"rendered":"<p>MENTIONS L\u00c9GALES &nbsp; Informations g\u00e9n\u00e9rales &nbsp; Domovo\u00ef Web\u00a0:\u00a0\u00a0 www.domovoidecoration.fr Email\u00a0:\u00a0 bienvenue@domovoidecoration.fr Si\u00e8ge social\u00a0: 14, la Chaponni\u00e8re 45210 La Selle-sur-le-Bied &nbsp; Repr\u00e9sent\u00e9e par Caroline Rigas T\u00e9l\u00a0:\u00a0\u00a0\u00a0\u00a0\u00a0 06 60 88 99 05 Email\u00a0:\u00a0 caroline@domovoidecoration.fr &nbsp; SIRET\u00a0:\u00a0 503\u00a0792\u00a0525 00027 APE\u00a0:\u00a0\u00a0\u00a0 7410Z Activit\u00e9s sp\u00e9cialis\u00e9es de design TVA\u00a0:\u00a0\u00a0\u00a0 Non assujetti \u00e0 la TVA Domovo\u00ef a souscrit \u00e0\u00a0une assurance responsabilit\u00e9 civile [&hellip;]<\/p>\n","protected":false},"author":1,"featured_media":0,"parent":0,"menu_order":0,"comment_status":"closed","ping_status":"closed","template":"page-template-blank.php","meta":{"_et_pb_use_builder":"on","_et_pb_old_content":"","_et_gb_content_width":"","om_disable_all_campaigns":false,"_monsterinsights_skip_tracking":false,"_monsterinsights_sitenote_active":false,"_monsterinsights_sitenote_note":"","_monsterinsights_sitenote_category":0,"footnotes":""},"class_list":["post-166","page","type-page","status-publish","hentry"],"aioseo_notices":[],"_links":{"self":[{"href":"https:\/\/domovoidecoration.fr\/index.php?rest_route=\/wp\/v2\/pages\/166","targetHints":{"allow":["GET"]}}],"collection":[{"href":"https:\/\/domovoidecoration.fr\/index.php?rest_route=\/wp\/v2\/pages"}],"about":[{"href":"https:\/\/domovoidecoration.fr\/index.php?rest_route=\/wp\/v2\/types\/page"}],"author":[{"embeddable":true,"href":"https:\/\/domovoidecoration.fr\/index.php?rest_route=\/wp\/v2\/users\/1"}],"replies":[{"embeddable":true,"href":"https:\/\/domovoidecoration.fr\/index.php?rest_route=%2Fwp%2Fv2%2Fcomments&post=166"}],"version-history":[{"count":3,"href":"https:\/\/domovoidecoration.fr\/index.php?rest_route=\/wp\/v2\/pages\/166\/revisions"}],"predecessor-version":[{"id":169,"href":"https:\/\/domovoidecoration.fr\/index.php?rest_route=\/wp\/v2\/pages\/166\/revisions\/169"}],"wp:attachment":[{"href":"https:\/\/domovoidecoration.fr\/index.php?rest_route=%2Fwp%2Fv2%2Fmedia&parent=166"}],"curies":[{"name":"wp","href":"https:\/\/api.w.org\/{rel}","templated":true}]}}